{"id":13,"date":"2025-06-16T19:51:06","date_gmt":"2025-06-16T19:51:06","guid":{"rendered":"https:\/\/fotostony.com\/tony\/galeria\/"},"modified":"2025-06-16T19:51:06","modified_gmt":"2025-06-16T19:51:06","slug":"galeria","status":"publish","type":"page","link":"https:\/\/fotostony.com\/tony\/galeria\/","title":{"rendered":"Galer\u00eda"},"content":{"rendered":"\n<div class=\"wp-block-cover alignfull extendify-image-import has-aspect-ratio\" style=\"margin-top:0;margin-bottom:0;padding-top:var(--wp--preset--spacing--50);padding-bottom:var(--wp--preset--spacing--50);aspect-ratio:auto;min-height:unset;\"><img class=\"wp-block-cover__image-background\" alt=\"\" src=\"https:\/\/images.unsplash.com\/photo-1516035069371-29a1b244cc32?ixid=M3w0MzUxNjF8MHwxfHNlYXJjaHw0fHxwaG90b2dyYXBoeXxlbnwwfHx8fDE3NTAwNzQxMTV8MA&amp;ixlib=rb-4.1.0&amp;orientation=portrait?fit=crop&amp;crop=entropy%2Cfaces&amp;auto=format%2Ccompress&amp;w=1280\" data-object-fit=\"cover\"\/><span aria-hidden=\"true\" class=\"wp-block-cover__background has-foreground-background-color has-background-dim-80 has-background-dim\"><\/span><div class=\"wp-block-cover__inner-container has-global-padding is-layout-constrained wp-block-cover-is-layout-constrained\">\n<div class=\"wp-block-group alignwide is-nowrap is-layout-flex wp-container-core-group-is-layout-6c531013 wp-block-group-is-layout-flex\">\n<p class=\"has-text-align-center has-text-color has-link-color wp-elements-c2b936051ee37c3cd77d222a55695d9c\" style=\"color:#fafafa;font-size:clamp(1.188rem, 1.188rem + ((1vw - 0.2rem) * 1.153), 1.88rem);\">Galer\u00eda<\/p>\n<\/div>\n<\/div><\/div>\n\n<div class=\"wp-block-group alignfull has-tertiary-background-color has-background has-global-padding is-layout-constrained wp-container-core-group-is-layout-6a1386d3 wp-block-group-is-layout-constrained\" id=\"galeria\" style=\"border-top-width:1px;margin-top:0;margin-bottom:0;padding-top:var(--wp--preset--spacing--60);padding-right:0;padding-bottom:var(--wp--preset--spacing--60);padding-left:0\">\n<figure class=\"wp-block-gallery alignwide has-nested-images columns-4 is-cropped wp-block-gallery-1 is-layout-flex wp-block-gallery-is-layout-flex\" style=\"padding-right:var(--wp--preset--spacing--40);padding-left:var(--wp--preset--spacing--40)\">\n<figure class=\"wp-block-image size-large extendify-image-import\"><img src=\"https:\/\/images.unsplash.com\/photo-1471341971476-ae15ff5dd4ea?ixid=M3w0MzUxNjF8MHwxfHNlYXJjaHwxfHxwaG90b2dyYXBoeXxlbnwwfHx8fDE3NTAwNzQxMTV8MA&amp;ixlib=rb-4.1.0&amp;orientation=landscape?fit=crop&amp;crop=entropy%2Cfaces&amp;auto=format%2Ccompress&amp;w=1280\" alt=\"\"\/><\/figure>\n\n\n\n<figure class=\"wp-block-image size-large extendify-image-import\"><img src=\"https:\/\/images.unsplash.com\/photo-1516035069371-29a1b244cc32?ixid=M3w0MzUxNjF8MHwxfHNlYXJjaHw0fHxwaG90b2dyYXBoeXxlbnwwfHx8fDE3NTAwNzQxMTV8MA&amp;ixlib=rb-4.1.0&amp;orientation=portrait?fit=crop&amp;crop=entropy%2Cfaces&amp;auto=format%2Ccompress&amp;w=1280\" alt=\"\"\/><\/figure>\n\n\n\n<figure class=\"wp-block-image size-large extendify-image-import\"><img src=\"https:\/\/images.unsplash.com\/photo-1516035069371-29a1b244cc32?ixid=M3w0MzUxNjF8MHwxfHNlYXJjaHw0fHxwaG90b2dyYXBoeXxlbnwwfHx8fDE3NTAwNzQxMTV8MA&amp;ixlib=rb-4.1.0&amp;orientation=portrait?fit=crop&amp;crop=entropy%2Cfaces&amp;auto=format%2Ccompress&amp;w=1280\" alt=\"\"\/><\/figure>\n\n\n\n<figure class=\"wp-block-image size-large extendify-image-import\"><img src=\"https:\/\/images.unsplash.com\/photo-1541516160071-4bb0c5af65ba?ixid=M3w0MzUxNjF8MHwxfHNlYXJjaHw4fHxwaG90b2dyYXBoeXxlbnwwfHx8fDE3NTAwNzQxMTV8MA&amp;ixlib=rb-4.1.0&amp;orientation=landscape?fit=crop&amp;crop=entropy%2Cfaces&amp;auto=format%2Ccompress&amp;w=1280\" alt=\"\"\/><\/figure>\n\n\n\n<figure class=\"wp-block-image size-large extendify-image-import\"><img src=\"https:\/\/images.unsplash.com\/photo-1471341971476-ae15ff5dd4ea?ixid=M3w0MzUxNjF8MHwxfHNlYXJjaHwxfHxwaG90b2dyYXBoeXxlbnwwfHx8fDE3NTAwNzQxMTV8MA&amp;ixlib=rb-4.1.0&amp;orientation=landscape?fit=crop&amp;crop=entropy%2Cfaces&amp;auto=format%2Ccompress&amp;w=1280\" alt=\"\"\/><\/figure>\n\n\n\n<figure class=\"wp-block-image size-large extendify-image-import\"><img src=\"https:\/\/images.unsplash.com\/photo-1536632087471-3cf3f2986328?ixid=M3w0MzUxNjF8MHwxfHNlYXJjaHwyfHxjYW1lcmF8ZW58MHx8fHwxNzUwMDkxMzA5fDA&amp;ixlib=rb-4.1.0&amp;orientation=landscape?fit=crop&amp;crop=entropy%2Cfaces&amp;auto=format%2Ccompress&amp;w=1280\" alt=\"\"\/><\/figure>\n\n\n\n<figure class=\"wp-block-image size-large extendify-image-import\"><img src=\"https:\/\/images.unsplash.com\/photo-1516035069371-29a1b244cc32?ixid=M3w0MzUxNjF8MHwxfHNlYXJjaHw0fHxwaG90b2dyYXBoeXxlbnwwfHx8fDE3NTAwNzQxMTV8MA&amp;ixlib=rb-4.1.0&amp;orientation=portrait?fit=crop&amp;crop=entropy%2Cfaces&amp;auto=format%2Ccompress&amp;w=1280\" alt=\"\"\/><\/figure>\n\n\n\n<figure class=\"wp-block-image size-large extendify-image-import\"><img src=\"https:\/\/images.unsplash.com\/photo-1516035069371-29a1b244cc32?ixid=M3w0MzUxNjF8MHwxfHNlYXJjaHwxfHxjYW1lcmF8ZW58MHx8fHwxNzUwMDkxMzA5fDA&amp;ixlib=rb-4.1.0&amp;orientation=portrait?fit=crop&amp;crop=entropy%2Cfaces&amp;auto=format%2Ccompress&amp;w=1280\" alt=\"\"\/><\/figure>\n\n\n\n<figure class=\"wp-block-image size-large extendify-image-import\"><img src=\"https:\/\/images.unsplash.com\/photo-1520390138845-fd2d229dd553?ixid=M3w0MzUxNjF8MHwxfHNlYXJjaHwyMHx8cGhvdG9ncmFwaHl8ZW58MHx8fHwxNzUwMDc0MTE1fDA&amp;ixlib=rb-4.1.0&amp;orientation=landscape?fit=crop&amp;crop=entropy%2Cfaces&amp;auto=format%2Ccompress&amp;w=1280\" alt=\"\"\/><\/figure>\n\n\n\n<figure class=\"wp-block-image size-large extendify-image-import\"><img src=\"https:\/\/images.unsplash.com\/photo-1520390138845-fd2d229dd553?ixid=M3w0MzUxNjF8MHwxfHNlYXJjaHwyMHx8cGhvdG9ncmFwaHl8ZW58MHx8fHwxNzUwMDc0MTE1fDA&amp;ixlib=rb-4.1.0&amp;orientation=landscape?fit=crop&amp;crop=entropy%2Cfaces&amp;auto=format%2Ccompress&amp;w=1280\" alt=\"\"\/><\/figure>\n\n\n\n<figure class=\"wp-block-image size-large extendify-image-import\"><img src=\"https:\/\/images.unsplash.com\/photo-1667202374066-03b435d61db0?fit=crop&amp;crop=entropy%2Cfaces&amp;auto=format%2Ccompress&amp;w=1280\" alt=\"\"\/><\/figure>\n\n\n\n<figure class=\"wp-block-image size-large extendify-image-import\"><img src=\"https:\/\/images.unsplash.com\/photo-1471341971476-ae15ff5dd4ea?ixid=M3w0MzUxNjF8MHwxfHNlYXJjaHwyfHxwaG90byUyMHN0dWRpb3xlbnwwfHx8fDE3NDk1Njg1NzB8MA&amp;ixlib=rb-4.1.0&amp;orientation=landscape?fit=crop&amp;crop=entropy%2Cfaces&amp;auto=format%2Ccompress&amp;w=1280\" alt=\"\"\/><\/figure>\n<\/figure>\n<\/div>\n\n<div class=\"wp-block-group alignfull has-background-background-color has-background has-global-padding is-layout-constrained wp-container-core-group-is-layout-7d1597ee wp-block-group-is-layout-constrained\" id=\"acerca-de\" style=\"border-top-width:1px;margin-top:0;margin-bottom:0;padding-top:var(--wp--preset--spacing--60);padding-right:0;padding-bottom:var(--wp--preset--spacing--60);padding-left:0\">\n<div class=\"wp-block-columns alignwide is-layout-flex wp-container-core-columns-is-layout-d0bbbce0 wp-block-columns-is-layout-flex\">\n<div class=\"wp-block-column is-layout-flow wp-block-column-is-layout-flow\">\n<h2 class=\"wp-block-heading\">Explora im\u00e1genes que transmiten emoci\u00f3n y creatividad<\/h2>\n<\/div>\n\n\n\n<div class=\"wp-block-column is-layout-flow wp-block-column-is-layout-flow\">\n<p style=\"margin-top:16px\">Explora una colecci\u00f3n \u00fanica que refleja la esencia art\u00edstica y profesional de FotosTony, mostrando cada proyecto con detalle y pasi\u00f3n.<\/p>\n<\/div>\n<\/div>\n\n\n\n<div class=\"wp-block-group alignwide is-layout-grid wp-container-core-group-is-layout-9f4e5c95 wp-block-group-is-layout-grid\">\n<div style=\"aspect-ratio:16\/9;min-height:unset;\" class=\"wp-block-cover extendify-image-import has-aspect-ratio\"><img class=\"wp-block-cover__image-background\" alt=\"\" src=\"https:\/\/images.unsplash.com\/photo-1516035069371-29a1b244cc32?ixid=M3w0MzUxNjF8MHwxfHNlYXJjaHw0fHxwaG90b2dyYXBoeXxlbnwwfHx8fDE3NTAwNzQxMTV8MA&amp;ixlib=rb-4.1.0&amp;orientation=portrait?fit=crop&amp;crop=entropy%2Cfaces&amp;auto=format%2Ccompress&amp;w=1280\" data-object-fit=\"cover\"\/><span aria-hidden=\"true\" class=\"wp-block-cover__background has-background-dim-0 has-background-dim\"><\/span><div class=\"wp-block-cover__inner-container is-layout-flow wp-block-cover-is-layout-flow\">\n<div style=\"height:100px\" aria-hidden=\"true\" class=\"wp-block-spacer\"><\/div>\n<\/div><\/div>\n\n\n\n<div style=\"aspect-ratio:16\/9;min-height:unset;\" class=\"wp-block-cover extendify-image-import has-aspect-ratio\"><img class=\"wp-block-cover__image-background\" alt=\"\" src=\"https:\/\/images.unsplash.com\/photo-1670660242564-b32cdef2192a?fit=crop&amp;crop=entropy%2Cfaces&amp;auto=format%2Ccompress&amp;w=1280\" data-object-fit=\"cover\"\/><span aria-hidden=\"true\" class=\"wp-block-cover__background has-background-dim-0 has-background-dim\"><\/span><div class=\"wp-block-cover__inner-container is-layout-flow wp-block-cover-is-layout-flow\">\n<div style=\"height:100px\" aria-hidden=\"true\" class=\"wp-block-spacer\"><\/div>\n<\/div><\/div>\n\n\n\n<div style=\"aspect-ratio:16\/9;min-height:unset;\" class=\"wp-block-cover extendify-image-import has-aspect-ratio\"><img class=\"wp-block-cover__image-background\" alt=\"\" src=\"https:\/\/images.unsplash.com\/photo-1516035069371-29a1b244cc32?ixid=M3w0MzUxNjF8MHwxfHNlYXJjaHw0fHxwaG90b2dyYXBoeXxlbnwwfHx8fDE3NTAwNzQxMTV8MA&amp;ixlib=rb-4.1.0&amp;orientation=portrait?fit=crop&amp;crop=entropy%2Cfaces&amp;auto=format%2Ccompress&amp;w=1280\" data-object-fit=\"cover\"\/><span aria-hidden=\"true\" class=\"wp-block-cover__background has-background-dim-0 has-background-dim\"><\/span><div class=\"wp-block-cover__inner-container is-layout-flow wp-block-cover-is-layout-flow\">\n<div style=\"height:100px\" aria-hidden=\"true\" class=\"wp-block-spacer\"><\/div>\n<\/div><\/div>\n<\/div>\n<\/div>\n\n<div class=\"wp-block-group alignfull has-tertiary-background-color has-background has-global-padding is-layout-constrained wp-container-core-group-is-layout-b8f1cce0 wp-block-group-is-layout-constrained\" id=\"testimonios\" style=\"border-top-width:1px;margin-top:0;margin-bottom:0;padding-top:0;padding-right:var(--wp--preset--spacing--30);padding-bottom:0;padding-left:var(--wp--preset--spacing--30)\">\n<div class=\"wp-block-group alignwide is-layout-flow wp-block-group-is-layout-flow\" style=\"padding-top:var(--wp--preset--spacing--60);padding-bottom:var(--wp--preset--spacing--60)\">\n<p class=\"has-text-align-center has-large-font-size\" style=\"font-style:normal;font-weight:500;line-height:1.3\">Cada sesi\u00f3n con FotosTony ha superado mis expectativas, capturando momentos con una calidad impresionante y atenci\u00f3n al detalle.<\/p>\n\n\n\n<div class=\"wp-block-group has-global-padding is-layout-constrained wp-container-core-group-is-layout-03abb0ef wp-block-group-is-layout-constrained\">\n<figure class=\"wp-block-image aligncenter is-style-rounded extendify-image-import\"><img src=\"https:\/\/images.unsplash.com\/photo-1552374196-c4e7ffc6e126?fit=crop&amp;crop=entropy%2Cfaces&amp;auto=format%2Ccompress&amp;w=1280\" alt=\"\" style=\"aspect-ratio:1;object-fit:cover\"\/><\/figure>\n<\/div>\n\n\n\n<h4 class=\"wp-block-heading has-text-align-center\" style=\"margin-top:18px;font-size:clamp(14px, 0.875rem + ((1vw - 3.2px) * 0.417), 18px);\">Marta L\u00f3pez<\/h4>\n\n\n\n<p class=\"has-text-align-center has-small-font-size\" style=\"margin-top:4px\">Dise\u00f1adora gr\u00e1fica independiente<\/p>\n<\/div>\n<\/div>\n","protected":false},"excerpt":{"rendered":"<p>Explora im\u00e1genes que transmiten emoci\u00f3n y creatividad Explora una colecci\u00f3n \u00fanica que refleja la esencia art\u00edstica y profesional de FotosTony, mostrando cada proyecto con detalle y pasi\u00f3n. Cada sesi\u00f3n con FotosTony ha superado mis expectativas, capturando momentos con una calidad impresionante y atenci\u00f3n al detalle. Marta L\u00f3pez Dise\u00f1adora gr\u00e1fica independiente<\/p>\n","protected":false},"author":1,"featured_media":0,"parent":0,"menu_order":0,"comment_status":"closed","ping_status":"closed","template":"no-title","meta":{"om_disable_all_campaigns":false,"_monsterinsights_skip_tracking":false,"_monsterinsights_sitenote_active":false,"_monsterinsights_sitenote_note":"","_monsterinsights_sitenote_category":0,"footnotes":""},"class_list":["post-13","page","type-page","status-publish","hentry"],"aioseo_notices":[],"_links":{"self":[{"href":"https:\/\/fotostony.com\/tony\/wp-json\/wp\/v2\/pages\/13","targetHints":{"allow":["GET"]}}],"collection":[{"href":"https:\/\/fotostony.com\/tony\/wp-json\/wp\/v2\/pages"}],"about":[{"href":"https:\/\/fotostony.com\/tony\/wp-json\/wp\/v2\/types\/page"}],"author":[{"embeddable":true,"href":"https:\/\/fotostony.com\/tony\/wp-json\/wp\/v2\/users\/1"}],"replies":[{"embeddable":true,"href":"https:\/\/fotostony.com\/tony\/wp-json\/wp\/v2\/comments?post=13"}],"version-history":[{"count":0,"href":"https:\/\/fotostony.com\/tony\/wp-json\/wp\/v2\/pages\/13\/revisions"}],"wp:attachment":[{"href":"https:\/\/fotostony.com\/tony\/wp-json\/wp\/v2\/media?parent=13"}],"curies":[{"name":"wp","href":"https:\/\/api.w.org\/{rel}","templated":true}]}}